{"id":3502,"date":"2025-07-03T07:35:44","date_gmt":"2025-07-03T07:35:44","guid":{"rendered":"https:\/\/rollandcomb.com\/politique-relative-aux-cookies\/"},"modified":"2025-11-13T13:25:56","modified_gmt":"2025-11-13T13:25:56","slug":"politique-relative-aux-cookies","status":"publish","type":"page","link":"https:\/\/rollandcomb.com\/fr\/politique-relative-aux-cookies\/","title":{"rendered":"Politique relative aux cookies"},"content":{"rendered":"\t\t<div data-elementor-type=\"wp-page\" data-elementor-id=\"3502\" class=\"elementor elementor-3502 elementor-3015\" data-elementor-post-type=\"page\">\n\t\t\t\t<div class=\"elementor-element elementor-element-7586ec9 menu-sombra e-flex e-con-boxed e-con e-parent\" data-id=\"7586ec9\" data-element_type=\"container\" data-e-type=\"container\">\n\t\t\t\t\t<div class=\"e-con-inner\">\n\t\t\t\t<div class=\"elementor-element elementor-element-432f6e9 elementor-widget elementor-widget-heading\" data-id=\"432f6e9\" data-element_type=\"widget\" data-e-type=\"widget\" data-widget_type=\"heading.default\">\n\t\t\t\t<div class=\"elementor-widget-container\">\n\t\t\t\t\t<h1 class=\"elementor-heading-title elementor-size-default\">Politique relative aux cookies<\/h1>\t\t\t\t<\/div>\n\t\t\t\t<\/div>\n\t\t\t\t<div class=\"elementor-element elementor-element-83ac7c0 elementor-widget elementor-widget-text-editor\" data-id=\"83ac7c0\" data-element_type=\"widget\" data-e-type=\"widget\" data-widget_type=\"text-editor.default\">\n\t\t\t\t<div class=\"elementor-widget-container\">\n\t\t\t\t\t\t\t\t\t<p>MCLAND PRODUCTS, SL se r\u00e9serve le droit d&rsquo;utiliser des cookies (petits fichiers texte cr\u00e9\u00e9s par un serveur web, transmis par un navigateur web et stock\u00e9s sur vos terminaux) lorsque l&rsquo;utilisateur navigue sur le web, afin de faciliter la personnalisation et la facilit\u00e9 de navigation.<\/p><p>L\u2019utilisateur est inform\u00e9 que les cookies sont associ\u00e9s \u00e0 l\u2019utilisateur anonyme et \u00e0 son ordinateur, et ne stockent aucune donn\u00e9e personnelle ni aucun type d\u2019information permettant de l\u2019identifier.<\/p><p>L\u2019utilisateur peut refuser le traitement des donn\u00e9es ou des informations en d\u00e9sactivant l\u2019utilisation des cookies dans les param\u00e8tres de son navigateur.<\/p>\t\t\t\t\t\t\t\t<\/div>\n\t\t\t\t<\/div>\n\t\t\t\t\t<\/div>\n\t\t\t\t<\/div>\n\t\t\t\t<\/div>\n\t\t","protected":false},"excerpt":{"rendered":"<p>Politique relative aux cookies MCLAND PRODUCTS, SL se r\u00e9serve le droit d&rsquo;utiliser des cookies (petits fichiers texte cr\u00e9\u00e9s par un serveur web, transmis par un navigateur web et stock\u00e9s sur vos terminaux) lorsque l&rsquo;utilisateur navigue sur le web, afin de faciliter la personnalisation et la facilit\u00e9 de navigation. L\u2019utilisateur est inform\u00e9 que les cookies sont [&hellip;]<\/p>\n","protected":false},"author":2,"featured_media":0,"parent":0,"menu_order":0,"comment_status":"closed","ping_status":"closed","template":"","meta":{"footnotes":""},"class_list":["post-3502","page","type-page","status-publish","hentry"],"yoast_head":"<!-- This site is optimized with the Yoast SEO plugin v27.3 - https:\/\/yoast.com\/product\/yoast-seo-wordpress\/ -->\n<title>Politique relative aux cookies - Roll&amp;Comb<\/title>\n<meta name=\"robots\" content=\"noindex, follow\" \/>\n<meta property=\"og:locale\" content=\"fr_FR\" \/>\n<meta property=\"og:type\" content=\"article\" \/>\n<meta property=\"og:title\" content=\"Politique relative aux cookies - Roll&amp;Comb\" \/>\n<meta property=\"og:description\" content=\"Politique relative aux cookies MCLAND PRODUCTS, SL se r\u00e9serve le droit d&rsquo;utiliser des cookies (petits fichiers texte cr\u00e9\u00e9s par un serveur web, transmis par un navigateur web et stock\u00e9s sur vos terminaux) lorsque l&rsquo;utilisateur navigue sur le web, afin de faciliter la personnalisation et la facilit\u00e9 de navigation. L\u2019utilisateur est inform\u00e9 que les cookies sont [&hellip;]\" \/>\n<meta property=\"og:url\" content=\"https:\/\/rollandcomb.com\/fr\/politique-relative-aux-cookies\/\" \/>\n<meta property=\"og:site_name\" content=\"Roll&amp;Comb\" \/>\n<meta property=\"article:modified_time\" content=\"2025-11-13T13:25:56+00:00\" \/>\n<meta name=\"twitter:card\" content=\"summary_large_image\" \/>\n<meta name=\"twitter:label1\" content=\"Dur\u00e9e de lecture estim\u00e9e\" \/>\n\t<meta name=\"twitter:data1\" content=\"1 minute\" \/>\n<script type=\"application\/ld+json\" class=\"yoast-schema-graph\">{\"@context\":\"https:\\\/\\\/schema.org\",\"@graph\":[{\"@type\":\"WebPage\",\"@id\":\"https:\\\/\\\/rollandcomb.com\\\/fr\\\/politique-relative-aux-cookies\\\/\",\"url\":\"https:\\\/\\\/rollandcomb.com\\\/fr\\\/politique-relative-aux-cookies\\\/\",\"name\":\"Politique relative aux cookies - Roll&Comb\",\"isPartOf\":{\"@id\":\"https:\\\/\\\/rollandcomb.com\\\/fr\\\/#website\"},\"datePublished\":\"2025-07-03T07:35:44+00:00\",\"dateModified\":\"2025-11-13T13:25:56+00:00\",\"breadcrumb\":{\"@id\":\"https:\\\/\\\/rollandcomb.com\\\/fr\\\/politique-relative-aux-cookies\\\/#breadcrumb\"},\"inLanguage\":\"fr-FR\",\"potentialAction\":[{\"@type\":\"ReadAction\",\"target\":[\"https:\\\/\\\/rollandcomb.com\\\/fr\\\/politique-relative-aux-cookies\\\/\"]}]},{\"@type\":\"BreadcrumbList\",\"@id\":\"https:\\\/\\\/rollandcomb.com\\\/fr\\\/politique-relative-aux-cookies\\\/#breadcrumb\",\"itemListElement\":[{\"@type\":\"ListItem\",\"position\":1,\"name\":\"Portada\",\"item\":\"https:\\\/\\\/rollandcomb.com\\\/fr\\\/maison\\\/\"},{\"@type\":\"ListItem\",\"position\":2,\"name\":\"Politique relative aux cookies\"}]},{\"@type\":\"WebSite\",\"@id\":\"https:\\\/\\\/rollandcomb.com\\\/fr\\\/#website\",\"url\":\"https:\\\/\\\/rollandcomb.com\\\/fr\\\/\",\"name\":\"Roll&Comb\",\"description\":\"Peinadoras y barredoras para c\u00e9sped artificial. Permita que sus clientes peinen, barran y limpien su c\u00e9sped artificial en una sola pasada.\",\"publisher\":{\"@id\":\"https:\\\/\\\/rollandcomb.com\\\/fr\\\/#organization\"},\"potentialAction\":[{\"@type\":\"SearchAction\",\"target\":{\"@type\":\"EntryPoint\",\"urlTemplate\":\"https:\\\/\\\/rollandcomb.com\\\/fr\\\/?s={search_term_string}\"},\"query-input\":{\"@type\":\"PropertyValueSpecification\",\"valueRequired\":true,\"valueName\":\"search_term_string\"}}],\"inLanguage\":\"fr-FR\"},{\"@type\":\"Organization\",\"@id\":\"https:\\\/\\\/rollandcomb.com\\\/fr\\\/#organization\",\"name\":\"Roll&Comb\",\"url\":\"https:\\\/\\\/rollandcomb.com\\\/fr\\\/\",\"logo\":{\"@type\":\"ImageObject\",\"inLanguage\":\"fr-FR\",\"@id\":\"https:\\\/\\\/rollandcomb.com\\\/fr\\\/#\\\/schema\\\/logo\\\/image\\\/\",\"url\":\"https:\\\/\\\/rollandcomb.com\\\/wp-content\\\/uploads\\\/2025\\\/02\\\/logo.webp\",\"contentUrl\":\"https:\\\/\\\/rollandcomb.com\\\/wp-content\\\/uploads\\\/2025\\\/02\\\/logo.webp\",\"width\":1285,\"height\":399,\"caption\":\"Roll&Comb\"},\"image\":{\"@id\":\"https:\\\/\\\/rollandcomb.com\\\/fr\\\/#\\\/schema\\\/logo\\\/image\\\/\"}}]}<\/script>\n<!-- \/ Yoast SEO plugin. -->","yoast_head_json":{"title":"Politique relative aux cookies - Roll&Comb","robots":{"index":"noindex","follow":"follow"},"og_locale":"fr_FR","og_type":"article","og_title":"Politique relative aux cookies - Roll&Comb","og_description":"Politique relative aux cookies MCLAND PRODUCTS, SL se r\u00e9serve le droit d&rsquo;utiliser des cookies (petits fichiers texte cr\u00e9\u00e9s par un serveur web, transmis par un navigateur web et stock\u00e9s sur vos terminaux) lorsque l&rsquo;utilisateur navigue sur le web, afin de faciliter la personnalisation et la facilit\u00e9 de navigation. L\u2019utilisateur est inform\u00e9 que les cookies sont [&hellip;]","og_url":"https:\/\/rollandcomb.com\/fr\/politique-relative-aux-cookies\/","og_site_name":"Roll&Comb","article_modified_time":"2025-11-13T13:25:56+00:00","twitter_card":"summary_large_image","twitter_misc":{"Dur\u00e9e de lecture estim\u00e9e":"1 minute"},"schema":{"@context":"https:\/\/schema.org","@graph":[{"@type":"WebPage","@id":"https:\/\/rollandcomb.com\/fr\/politique-relative-aux-cookies\/","url":"https:\/\/rollandcomb.com\/fr\/politique-relative-aux-cookies\/","name":"Politique relative aux cookies - Roll&Comb","isPartOf":{"@id":"https:\/\/rollandcomb.com\/fr\/#website"},"datePublished":"2025-07-03T07:35:44+00:00","dateModified":"2025-11-13T13:25:56+00:00","breadcrumb":{"@id":"https:\/\/rollandcomb.com\/fr\/politique-relative-aux-cookies\/#breadcrumb"},"inLanguage":"fr-FR","potentialAction":[{"@type":"ReadAction","target":["https:\/\/rollandcomb.com\/fr\/politique-relative-aux-cookies\/"]}]},{"@type":"BreadcrumbList","@id":"https:\/\/rollandcomb.com\/fr\/politique-relative-aux-cookies\/#breadcrumb","itemListElement":[{"@type":"ListItem","position":1,"name":"Portada","item":"https:\/\/rollandcomb.com\/fr\/maison\/"},{"@type":"ListItem","position":2,"name":"Politique relative aux cookies"}]},{"@type":"WebSite","@id":"https:\/\/rollandcomb.com\/fr\/#website","url":"https:\/\/rollandcomb.com\/fr\/","name":"Roll&Comb","description":"Peinadoras y barredoras para c\u00e9sped artificial. Permita que sus clientes peinen, barran y limpien su c\u00e9sped artificial en una sola pasada.","publisher":{"@id":"https:\/\/rollandcomb.com\/fr\/#organization"},"potentialAction":[{"@type":"SearchAction","target":{"@type":"EntryPoint","urlTemplate":"https:\/\/rollandcomb.com\/fr\/?s={search_term_string}"},"query-input":{"@type":"PropertyValueSpecification","valueRequired":true,"valueName":"search_term_string"}}],"inLanguage":"fr-FR"},{"@type":"Organization","@id":"https:\/\/rollandcomb.com\/fr\/#organization","name":"Roll&Comb","url":"https:\/\/rollandcomb.com\/fr\/","logo":{"@type":"ImageObject","inLanguage":"fr-FR","@id":"https:\/\/rollandcomb.com\/fr\/#\/schema\/logo\/image\/","url":"https:\/\/rollandcomb.com\/wp-content\/uploads\/2025\/02\/logo.webp","contentUrl":"https:\/\/rollandcomb.com\/wp-content\/uploads\/2025\/02\/logo.webp","width":1285,"height":399,"caption":"Roll&Comb"},"image":{"@id":"https:\/\/rollandcomb.com\/fr\/#\/schema\/logo\/image\/"}}]}},"_links":{"self":[{"href":"https:\/\/rollandcomb.com\/fr\/wp-json\/wp\/v2\/pages\/3502","targetHints":{"allow":["GET"]}}],"collection":[{"href":"https:\/\/rollandcomb.com\/fr\/wp-json\/wp\/v2\/pages"}],"about":[{"href":"https:\/\/rollandcomb.com\/fr\/wp-json\/wp\/v2\/types\/page"}],"author":[{"embeddable":true,"href":"https:\/\/rollandcomb.com\/fr\/wp-json\/wp\/v2\/users\/2"}],"replies":[{"embeddable":true,"href":"https:\/\/rollandcomb.com\/fr\/wp-json\/wp\/v2\/comments?post=3502"}],"version-history":[{"count":0,"href":"https:\/\/rollandcomb.com\/fr\/wp-json\/wp\/v2\/pages\/3502\/revisions"}],"wp:attachment":[{"href":"https:\/\/rollandcomb.com\/fr\/wp-json\/wp\/v2\/media?parent=3502"}],"curies":[{"name":"wp","href":"https:\/\/api.w.org\/{rel}","templated":true}]}}