{"id":4092,"date":"2025-06-06T06:36:48","date_gmt":"2025-06-06T06:36:48","guid":{"rendered":"https:\/\/rollandcomb.com\/politique-de-confidentialite\/"},"modified":"2025-11-14T09:56:10","modified_gmt":"2025-11-14T09:56:10","slug":"politique-de-confidentialite","status":"publish","type":"page","link":"https:\/\/rollandcomb.com\/fr\/politique-de-confidentialite\/","title":{"rendered":"Politique de confidentialit\u00e9"},"content":{"rendered":"\t\t<div data-elementor-type=\"wp-page\" data-elementor-id=\"4092\" class=\"elementor elementor-4092 elementor-2166\" data-elementor-post-type=\"page\">\n\t\t\t\t<div class=\"elementor-element elementor-element-7586ec9 menu-sombra e-flex e-con-boxed e-con e-parent\" data-id=\"7586ec9\" data-element_type=\"container\" data-e-type=\"container\">\n\t\t\t\t\t<div class=\"e-con-inner\">\n\t\t\t\t<div class=\"elementor-element elementor-element-432f6e9 elementor-widget elementor-widget-heading\" data-id=\"432f6e9\" data-element_type=\"widget\" data-e-type=\"widget\" data-widget_type=\"heading.default\">\n\t\t\t\t<div class=\"elementor-widget-container\">\n\t\t\t\t\t<h1 class=\"elementor-heading-title elementor-size-default\">politique de confidentialit\u00e9<\/h1>\t\t\t\t<\/div>\n\t\t\t\t<\/div>\n\t\t\t\t<div class=\"elementor-element elementor-element-83ac7c0 elementor-widget elementor-widget-text-editor\" data-id=\"83ac7c0\" data-element_type=\"widget\" data-e-type=\"widget\" data-widget_type=\"text-editor.default\">\n\t\t\t\t<div class=\"elementor-widget-container\">\n\t\t\t\t\t\t\t\t\t<p>Conform\u00e9ment \u00e0 la loi organique 15\/1999 du 13 d\u00e9cembre relative \u00e0 la protection des donn\u00e9es personnelles (LOPD), les donn\u00e9es fournies par l&rsquo;utilisateur seront int\u00e9gr\u00e9es dans un fichier automatis\u00e9 enregistr\u00e9 aupr\u00e8s de l&rsquo;Agence espagnole de protection des donn\u00e9es, appartenant \u00e0 PRODUCTOS MCLAND, SL, et dont la finalit\u00e9 exclusive est la gestion comptable et administrative des donn\u00e9es clients de la soci\u00e9t\u00e9. L&rsquo;utilisateur consent donc \u00e0 ce traitement de ses donn\u00e9es par la soci\u00e9t\u00e9. Les donn\u00e9es seront collect\u00e9es via le formulaire pr\u00e9vu \u00e0 cet effet, qui ne comportera que les champs indispensables \u00e0 la fourniture du service demand\u00e9 par l&rsquo;utilisateur. <\/p>\n<p>Les donn\u00e9es personnelles seront trait\u00e9es avec un niveau de protection appropri\u00e9, conform\u00e9ment au d\u00e9cret royal 994\/1999 du 11 juin, et les mesures de s\u00e9curit\u00e9 n\u00e9cessaires seront mises en \u0153uvre pour emp\u00eacher leur manipulation, leur alt\u00e9ration, leur perte, leur acc\u00e8s non autoris\u00e9 et\/ou leur traitement abusif. La soci\u00e9t\u00e9 ne transf\u00e9rera aucune donn\u00e9e utilisateur \u00e0 des tiers sans l&rsquo;autorisation de l&rsquo;utilisateur, sauf pour les transferts l\u00e9galement requis ou strictement n\u00e9cessaires \u00e0 la fourniture des services express\u00e9ment demand\u00e9s et autoris\u00e9s par ce dernier. <\/p>\n<p>L&rsquo;utilisateur peut exercer ses droits d&rsquo;acc\u00e8s, de rectification, d&rsquo;effacement et d&rsquo;opposition en adressant sa demande au responsable du traitement des donn\u00e9es, qu&rsquo;il peut contacter \u00e0 l&rsquo;adresse \u00e9lectronique info@mcland.es ou \u00e0 l&rsquo;adresse postale de la soci\u00e9t\u00e9.<\/p>\t\t\t\t\t\t\t\t<\/div>\n\t\t\t\t<\/div>\n\t\t\t\t\t<\/div>\n\t\t\t\t<\/div>\n\t\t\t\t<\/div>\n\t\t","protected":false},"excerpt":{"rendered":"<p>politique de confidentialit\u00e9 Conform\u00e9ment \u00e0 la loi organique 15\/1999 du 13 d\u00e9cembre relative \u00e0 la protection des donn\u00e9es personnelles (LOPD), les donn\u00e9es fournies par l&rsquo;utilisateur seront int\u00e9gr\u00e9es dans un fichier automatis\u00e9 enregistr\u00e9 aupr\u00e8s de l&rsquo;Agence espagnole de protection des donn\u00e9es, appartenant \u00e0 PRODUCTOS MCLAND, SL, et dont la finalit\u00e9 exclusive est la gestion comptable et [&hellip;]<\/p>\n","protected":false},"author":2,"featured_media":0,"parent":0,"menu_order":0,"comment_status":"closed","ping_status":"closed","template":"","meta":{"footnotes":""},"class_list":["post-4092","page","type-page","status-publish","hentry"],"yoast_head":"<!-- This site is optimized with the Yoast SEO plugin v27.3 - https:\/\/yoast.com\/product\/yoast-seo-wordpress\/ -->\n<title>Politique de confidentialit\u00e9 - Roll&amp;Comb<\/title>\n<meta name=\"robots\" content=\"noindex, follow\" \/>\n<meta property=\"og:locale\" content=\"fr_FR\" \/>\n<meta property=\"og:type\" content=\"article\" \/>\n<meta property=\"og:title\" content=\"Politique de confidentialit\u00e9 - Roll&amp;Comb\" \/>\n<meta property=\"og:description\" content=\"politique de confidentialit\u00e9 Conform\u00e9ment \u00e0 la loi organique 15\/1999 du 13 d\u00e9cembre relative \u00e0 la protection des donn\u00e9es personnelles (LOPD), les donn\u00e9es fournies par l&rsquo;utilisateur seront int\u00e9gr\u00e9es dans un fichier automatis\u00e9 enregistr\u00e9 aupr\u00e8s de l&rsquo;Agence espagnole de protection des donn\u00e9es, appartenant \u00e0 PRODUCTOS MCLAND, SL, et dont la finalit\u00e9 exclusive est la gestion comptable et [&hellip;]\" \/>\n<meta property=\"og:url\" content=\"https:\/\/rollandcomb.com\/fr\/politique-de-confidentialite\/\" \/>\n<meta property=\"og:site_name\" content=\"Roll&amp;Comb\" \/>\n<meta property=\"article:modified_time\" content=\"2025-11-14T09:56:10+00:00\" \/>\n<meta name=\"twitter:card\" content=\"summary_large_image\" \/>\n<meta name=\"twitter:label1\" content=\"Dur\u00e9e de lecture estim\u00e9e\" \/>\n\t<meta name=\"twitter:data1\" content=\"1 minute\" \/>\n<script type=\"application\/ld+json\" class=\"yoast-schema-graph\">{\"@context\":\"https:\\\/\\\/schema.org\",\"@graph\":[{\"@type\":\"WebPage\",\"@id\":\"https:\\\/\\\/rollandcomb.com\\\/fr\\\/politique-de-confidentialite\\\/\",\"url\":\"https:\\\/\\\/rollandcomb.com\\\/fr\\\/politique-de-confidentialite\\\/\",\"name\":\"Politique de confidentialit\u00e9 - Roll&Comb\",\"isPartOf\":{\"@id\":\"https:\\\/\\\/rollandcomb.com\\\/fr\\\/#website\"},\"datePublished\":\"2025-06-06T06:36:48+00:00\",\"dateModified\":\"2025-11-14T09:56:10+00:00\",\"breadcrumb\":{\"@id\":\"https:\\\/\\\/rollandcomb.com\\\/fr\\\/politique-de-confidentialite\\\/#breadcrumb\"},\"inLanguage\":\"fr-FR\",\"potentialAction\":[{\"@type\":\"ReadAction\",\"target\":[\"https:\\\/\\\/rollandcomb.com\\\/fr\\\/politique-de-confidentialite\\\/\"]}]},{\"@type\":\"BreadcrumbList\",\"@id\":\"https:\\\/\\\/rollandcomb.com\\\/fr\\\/politique-de-confidentialite\\\/#breadcrumb\",\"itemListElement\":[{\"@type\":\"ListItem\",\"position\":1,\"name\":\"Portada\",\"item\":\"https:\\\/\\\/rollandcomb.com\\\/fr\\\/maison\\\/\"},{\"@type\":\"ListItem\",\"position\":2,\"name\":\"Politique de confidentialit\u00e9\"}]},{\"@type\":\"WebSite\",\"@id\":\"https:\\\/\\\/rollandcomb.com\\\/fr\\\/#website\",\"url\":\"https:\\\/\\\/rollandcomb.com\\\/fr\\\/\",\"name\":\"Roll&Comb\",\"description\":\"Peinadoras y barredoras para c\u00e9sped artificial. Permita que sus clientes peinen, barran y limpien su c\u00e9sped artificial en una sola pasada.\",\"publisher\":{\"@id\":\"https:\\\/\\\/rollandcomb.com\\\/fr\\\/#organization\"},\"potentialAction\":[{\"@type\":\"SearchAction\",\"target\":{\"@type\":\"EntryPoint\",\"urlTemplate\":\"https:\\\/\\\/rollandcomb.com\\\/fr\\\/?s={search_term_string}\"},\"query-input\":{\"@type\":\"PropertyValueSpecification\",\"valueRequired\":true,\"valueName\":\"search_term_string\"}}],\"inLanguage\":\"fr-FR\"},{\"@type\":\"Organization\",\"@id\":\"https:\\\/\\\/rollandcomb.com\\\/fr\\\/#organization\",\"name\":\"Roll&Comb\",\"url\":\"https:\\\/\\\/rollandcomb.com\\\/fr\\\/\",\"logo\":{\"@type\":\"ImageObject\",\"inLanguage\":\"fr-FR\",\"@id\":\"https:\\\/\\\/rollandcomb.com\\\/fr\\\/#\\\/schema\\\/logo\\\/image\\\/\",\"url\":\"https:\\\/\\\/rollandcomb.com\\\/wp-content\\\/uploads\\\/2025\\\/02\\\/logo.webp\",\"contentUrl\":\"https:\\\/\\\/rollandcomb.com\\\/wp-content\\\/uploads\\\/2025\\\/02\\\/logo.webp\",\"width\":1285,\"height\":399,\"caption\":\"Roll&Comb\"},\"image\":{\"@id\":\"https:\\\/\\\/rollandcomb.com\\\/fr\\\/#\\\/schema\\\/logo\\\/image\\\/\"}}]}<\/script>\n<!-- \/ Yoast SEO plugin. -->","yoast_head_json":{"title":"Politique de confidentialit\u00e9 - Roll&Comb","robots":{"index":"noindex","follow":"follow"},"og_locale":"fr_FR","og_type":"article","og_title":"Politique de confidentialit\u00e9 - Roll&Comb","og_description":"politique de confidentialit\u00e9 Conform\u00e9ment \u00e0 la loi organique 15\/1999 du 13 d\u00e9cembre relative \u00e0 la protection des donn\u00e9es personnelles (LOPD), les donn\u00e9es fournies par l&rsquo;utilisateur seront int\u00e9gr\u00e9es dans un fichier automatis\u00e9 enregistr\u00e9 aupr\u00e8s de l&rsquo;Agence espagnole de protection des donn\u00e9es, appartenant \u00e0 PRODUCTOS MCLAND, SL, et dont la finalit\u00e9 exclusive est la gestion comptable et [&hellip;]","og_url":"https:\/\/rollandcomb.com\/fr\/politique-de-confidentialite\/","og_site_name":"Roll&Comb","article_modified_time":"2025-11-14T09:56:10+00:00","twitter_card":"summary_large_image","twitter_misc":{"Dur\u00e9e de lecture estim\u00e9e":"1 minute"},"schema":{"@context":"https:\/\/schema.org","@graph":[{"@type":"WebPage","@id":"https:\/\/rollandcomb.com\/fr\/politique-de-confidentialite\/","url":"https:\/\/rollandcomb.com\/fr\/politique-de-confidentialite\/","name":"Politique de confidentialit\u00e9 - Roll&Comb","isPartOf":{"@id":"https:\/\/rollandcomb.com\/fr\/#website"},"datePublished":"2025-06-06T06:36:48+00:00","dateModified":"2025-11-14T09:56:10+00:00","breadcrumb":{"@id":"https:\/\/rollandcomb.com\/fr\/politique-de-confidentialite\/#breadcrumb"},"inLanguage":"fr-FR","potentialAction":[{"@type":"ReadAction","target":["https:\/\/rollandcomb.com\/fr\/politique-de-confidentialite\/"]}]},{"@type":"BreadcrumbList","@id":"https:\/\/rollandcomb.com\/fr\/politique-de-confidentialite\/#breadcrumb","itemListElement":[{"@type":"ListItem","position":1,"name":"Portada","item":"https:\/\/rollandcomb.com\/fr\/maison\/"},{"@type":"ListItem","position":2,"name":"Politique de confidentialit\u00e9"}]},{"@type":"WebSite","@id":"https:\/\/rollandcomb.com\/fr\/#website","url":"https:\/\/rollandcomb.com\/fr\/","name":"Roll&Comb","description":"Peinadoras y barredoras para c\u00e9sped artificial. Permita que sus clientes peinen, barran y limpien su c\u00e9sped artificial en una sola pasada.","publisher":{"@id":"https:\/\/rollandcomb.com\/fr\/#organization"},"potentialAction":[{"@type":"SearchAction","target":{"@type":"EntryPoint","urlTemplate":"https:\/\/rollandcomb.com\/fr\/?s={search_term_string}"},"query-input":{"@type":"PropertyValueSpecification","valueRequired":true,"valueName":"search_term_string"}}],"inLanguage":"fr-FR"},{"@type":"Organization","@id":"https:\/\/rollandcomb.com\/fr\/#organization","name":"Roll&Comb","url":"https:\/\/rollandcomb.com\/fr\/","logo":{"@type":"ImageObject","inLanguage":"fr-FR","@id":"https:\/\/rollandcomb.com\/fr\/#\/schema\/logo\/image\/","url":"https:\/\/rollandcomb.com\/wp-content\/uploads\/2025\/02\/logo.webp","contentUrl":"https:\/\/rollandcomb.com\/wp-content\/uploads\/2025\/02\/logo.webp","width":1285,"height":399,"caption":"Roll&Comb"},"image":{"@id":"https:\/\/rollandcomb.com\/fr\/#\/schema\/logo\/image\/"}}]}},"_links":{"self":[{"href":"https:\/\/rollandcomb.com\/fr\/wp-json\/wp\/v2\/pages\/4092","targetHints":{"allow":["GET"]}}],"collection":[{"href":"https:\/\/rollandcomb.com\/fr\/wp-json\/wp\/v2\/pages"}],"about":[{"href":"https:\/\/rollandcomb.com\/fr\/wp-json\/wp\/v2\/types\/page"}],"author":[{"embeddable":true,"href":"https:\/\/rollandcomb.com\/fr\/wp-json\/wp\/v2\/users\/2"}],"replies":[{"embeddable":true,"href":"https:\/\/rollandcomb.com\/fr\/wp-json\/wp\/v2\/comments?post=4092"}],"version-history":[{"count":0,"href":"https:\/\/rollandcomb.com\/fr\/wp-json\/wp\/v2\/pages\/4092\/revisions"}],"wp:attachment":[{"href":"https:\/\/rollandcomb.com\/fr\/wp-json\/wp\/v2\/media?parent=4092"}],"curies":[{"name":"wp","href":"https:\/\/api.w.org\/{rel}","templated":true}]}}