{"id":4097,"date":"2025-06-06T06:25:20","date_gmt":"2025-06-06T06:25:20","guid":{"rendered":"https:\/\/rollandcomb.com\/avis-juridique\/"},"modified":"2025-11-14T09:56:12","modified_gmt":"2025-11-14T09:56:12","slug":"avis-juridique","status":"publish","type":"page","link":"https:\/\/rollandcomb.com\/fr\/avis-juridique\/","title":{"rendered":"Avis juridique"},"content":{"rendered":"\t\t<div data-elementor-type=\"wp-page\" data-elementor-id=\"4097\" class=\"elementor elementor-4097 elementor-2147\" data-elementor-post-type=\"page\">\n\t\t\t\t<div class=\"elementor-element elementor-element-7586ec9 menu-sombra e-flex e-con-boxed e-con e-parent\" data-id=\"7586ec9\" data-element_type=\"container\" data-e-type=\"container\">\n\t\t\t\t\t<div class=\"e-con-inner\">\n\t\t\t\t<div class=\"elementor-element elementor-element-432f6e9 elementor-widget elementor-widget-heading\" data-id=\"432f6e9\" data-element_type=\"widget\" data-e-type=\"widget\" data-widget_type=\"heading.default\">\n\t\t\t\t<div class=\"elementor-widget-container\">\n\t\t\t\t\t<h1 class=\"elementor-heading-title elementor-size-default\">Avis juridique<\/h1>\t\t\t\t<\/div>\n\t\t\t\t<\/div>\n\t\t\t\t<div class=\"elementor-element elementor-element-83ac7c0 elementor-widget elementor-widget-text-editor\" data-id=\"83ac7c0\" data-element_type=\"widget\" data-e-type=\"widget\" data-widget_type=\"text-editor.default\">\n\t\t\t\t<div class=\"elementor-widget-container\">\n\t\t\t\t\t\t\t\t\t<p>Les pr\u00e9sentes mentions l\u00e9gales r\u00e9gissent l&rsquo;utilisation du site web www.garland.es, propri\u00e9t\u00e9 de PRODUCTOS MCLAND, SL, immatricul\u00e9e sous le num\u00e9ro B84830181 et dont le si\u00e8ge social est situ\u00e9 c\/ La Fragua, 22, PI Los Rosales, 28933 M\u00f3stoles (Madrid)&nbsp;; t\u00e9l\u00e9phone&nbsp;: +34&nbsp;91&nbsp;664&nbsp;50&nbsp;48 et adresse \u00e9lectronique&nbsp;: info@mcland.es<br> Enregistr\u00e9 au Registre du Commerce de Madrid, volume 23266, folio 1, feuille M-417022 Enregistrement 1er.<\/p>\n<p>L\u2019acc\u00e8s au site web et\/ou son utilisation conf\u00e8rent le statut d\u2019UTILISATEUR, qui accepte, de ce fait, les conditions g\u00e9n\u00e9rales d\u2019utilisation refl\u00e9t\u00e9es ici, lesquelles s\u2019appliqueront ind\u00e9pendamment des conditions g\u00e9n\u00e9rales de contrat qui pourraient \u00eatre applicables.<\/p><p><br><\/p>\n<h2>PROPRI\u00c9T\u00c9 INTELLECTUELLE ET INDUSTRIELLE<\/h2>\n<p>Le contenu du site web (y compris, mais sans s&rsquo;y limiter&nbsp;: bases de donn\u00e9es, images, dessins, graphiques, fichiers texte, audio, vid\u00e9o et logiciels) est la propri\u00e9t\u00e9 de PRODUCTOS MCLAND SL et est prot\u00e9g\u00e9 par les r\u00e9glementations nationales ou internationales applicables en mati\u00e8re de propri\u00e9t\u00e9 intellectuelle et industrielle.<\/p>\n<p>Conform\u00e9ment aux articles 8 et 32.1, deuxi\u00e8me alin\u00e9a, de la loi sur la propri\u00e9t\u00e9 intellectuelle, la reproduction, la distribution et la communication au public, y compris la mise \u00e0 disposition, de tout ou partie du contenu de ce site web \u00e0 des fins commerciales, sur quelque support et par quelque moyen technique que ce soit, sont express\u00e9ment interdites sans l&rsquo;autorisation du titulaire des droits. L&rsquo;utilisateur s&rsquo;engage \u00e0 respecter les droits de propri\u00e9t\u00e9 intellectuelle et industrielle de la soci\u00e9t\u00e9. <\/p>\t\t\t\t\t\t\t\t<\/div>\n\t\t\t\t<\/div>\n\t\t\t\t\t<\/div>\n\t\t\t\t<\/div>\n\t\t\t\t<\/div>\n\t\t","protected":false},"excerpt":{"rendered":"<p>Avis juridique Les pr\u00e9sentes mentions l\u00e9gales r\u00e9gissent l&rsquo;utilisation du site web www.garland.es, propri\u00e9t\u00e9 de PRODUCTOS MCLAND, SL, immatricul\u00e9e sous le num\u00e9ro B84830181 et dont le si\u00e8ge social est situ\u00e9 c\/ La Fragua, 22, PI Los Rosales, 28933 M\u00f3stoles (Madrid)&nbsp;; t\u00e9l\u00e9phone&nbsp;: +34&nbsp;91&nbsp;664&nbsp;50&nbsp;48 et adresse \u00e9lectronique&nbsp;: info@mcland.es Enregistr\u00e9 au Registre du Commerce de Madrid, volume 23266, folio [&hellip;]<\/p>\n","protected":false},"author":2,"featured_media":0,"parent":0,"menu_order":0,"comment_status":"closed","ping_status":"closed","template":"","meta":{"footnotes":""},"class_list":["post-4097","page","type-page","status-publish","hentry"],"yoast_head":"<!-- This site is optimized with the Yoast SEO plugin v27.3 - https:\/\/yoast.com\/product\/yoast-seo-wordpress\/ -->\n<title>Avis juridique - Roll&amp;Comb<\/title>\n<meta name=\"robots\" content=\"noindex, follow\" \/>\n<meta property=\"og:locale\" content=\"fr_FR\" \/>\n<meta property=\"og:type\" content=\"article\" \/>\n<meta property=\"og:title\" content=\"Avis juridique - Roll&amp;Comb\" \/>\n<meta property=\"og:description\" content=\"Avis juridique Les pr\u00e9sentes mentions l\u00e9gales r\u00e9gissent l&rsquo;utilisation du site web www.garland.es, propri\u00e9t\u00e9 de PRODUCTOS MCLAND, SL, immatricul\u00e9e sous le num\u00e9ro B84830181 et dont le si\u00e8ge social est situ\u00e9 c\/ La Fragua, 22, PI Los Rosales, 28933 M\u00f3stoles (Madrid)&nbsp;; t\u00e9l\u00e9phone&nbsp;: +34&nbsp;91&nbsp;664&nbsp;50&nbsp;48 et adresse \u00e9lectronique&nbsp;: info@mcland.es Enregistr\u00e9 au Registre du Commerce de Madrid, volume 23266, folio [&hellip;]\" \/>\n<meta property=\"og:url\" content=\"https:\/\/rollandcomb.com\/fr\/avis-juridique\/\" \/>\n<meta property=\"og:site_name\" content=\"Roll&amp;Comb\" \/>\n<meta property=\"article:modified_time\" content=\"2025-11-14T09:56:12+00:00\" \/>\n<meta name=\"twitter:card\" content=\"summary_large_image\" \/>\n<meta name=\"twitter:label1\" content=\"Dur\u00e9e de lecture estim\u00e9e\" \/>\n\t<meta name=\"twitter:data1\" content=\"1 minute\" \/>\n<script type=\"application\/ld+json\" class=\"yoast-schema-graph\">{\"@context\":\"https:\\\/\\\/schema.org\",\"@graph\":[{\"@type\":\"WebPage\",\"@id\":\"https:\\\/\\\/rollandcomb.com\\\/fr\\\/avis-juridique\\\/\",\"url\":\"https:\\\/\\\/rollandcomb.com\\\/fr\\\/avis-juridique\\\/\",\"name\":\"Avis juridique - Roll&Comb\",\"isPartOf\":{\"@id\":\"https:\\\/\\\/rollandcomb.com\\\/fr\\\/#website\"},\"datePublished\":\"2025-06-06T06:25:20+00:00\",\"dateModified\":\"2025-11-14T09:56:12+00:00\",\"breadcrumb\":{\"@id\":\"https:\\\/\\\/rollandcomb.com\\\/fr\\\/avis-juridique\\\/#breadcrumb\"},\"inLanguage\":\"fr-FR\",\"potentialAction\":[{\"@type\":\"ReadAction\",\"target\":[\"https:\\\/\\\/rollandcomb.com\\\/fr\\\/avis-juridique\\\/\"]}]},{\"@type\":\"BreadcrumbList\",\"@id\":\"https:\\\/\\\/rollandcomb.com\\\/fr\\\/avis-juridique\\\/#breadcrumb\",\"itemListElement\":[{\"@type\":\"ListItem\",\"position\":1,\"name\":\"Portada\",\"item\":\"https:\\\/\\\/rollandcomb.com\\\/fr\\\/maison\\\/\"},{\"@type\":\"ListItem\",\"position\":2,\"name\":\"Avis juridique\"}]},{\"@type\":\"WebSite\",\"@id\":\"https:\\\/\\\/rollandcomb.com\\\/fr\\\/#website\",\"url\":\"https:\\\/\\\/rollandcomb.com\\\/fr\\\/\",\"name\":\"Roll&Comb\",\"description\":\"Peinadoras y barredoras para c\u00e9sped artificial. Permita que sus clientes peinen, barran y limpien su c\u00e9sped artificial en una sola pasada.\",\"publisher\":{\"@id\":\"https:\\\/\\\/rollandcomb.com\\\/fr\\\/#organization\"},\"potentialAction\":[{\"@type\":\"SearchAction\",\"target\":{\"@type\":\"EntryPoint\",\"urlTemplate\":\"https:\\\/\\\/rollandcomb.com\\\/fr\\\/?s={search_term_string}\"},\"query-input\":{\"@type\":\"PropertyValueSpecification\",\"valueRequired\":true,\"valueName\":\"search_term_string\"}}],\"inLanguage\":\"fr-FR\"},{\"@type\":\"Organization\",\"@id\":\"https:\\\/\\\/rollandcomb.com\\\/fr\\\/#organization\",\"name\":\"Roll&Comb\",\"url\":\"https:\\\/\\\/rollandcomb.com\\\/fr\\\/\",\"logo\":{\"@type\":\"ImageObject\",\"inLanguage\":\"fr-FR\",\"@id\":\"https:\\\/\\\/rollandcomb.com\\\/fr\\\/#\\\/schema\\\/logo\\\/image\\\/\",\"url\":\"https:\\\/\\\/rollandcomb.com\\\/wp-content\\\/uploads\\\/2025\\\/02\\\/logo.webp\",\"contentUrl\":\"https:\\\/\\\/rollandcomb.com\\\/wp-content\\\/uploads\\\/2025\\\/02\\\/logo.webp\",\"width\":1285,\"height\":399,\"caption\":\"Roll&Comb\"},\"image\":{\"@id\":\"https:\\\/\\\/rollandcomb.com\\\/fr\\\/#\\\/schema\\\/logo\\\/image\\\/\"}}]}<\/script>\n<!-- \/ Yoast SEO plugin. -->","yoast_head_json":{"title":"Avis juridique - Roll&Comb","robots":{"index":"noindex","follow":"follow"},"og_locale":"fr_FR","og_type":"article","og_title":"Avis juridique - Roll&Comb","og_description":"Avis juridique Les pr\u00e9sentes mentions l\u00e9gales r\u00e9gissent l&rsquo;utilisation du site web www.garland.es, propri\u00e9t\u00e9 de PRODUCTOS MCLAND, SL, immatricul\u00e9e sous le num\u00e9ro B84830181 et dont le si\u00e8ge social est situ\u00e9 c\/ La Fragua, 22, PI Los Rosales, 28933 M\u00f3stoles (Madrid)&nbsp;; t\u00e9l\u00e9phone&nbsp;: +34&nbsp;91&nbsp;664&nbsp;50&nbsp;48 et adresse \u00e9lectronique&nbsp;: info@mcland.es Enregistr\u00e9 au Registre du Commerce de Madrid, volume 23266, folio [&hellip;]","og_url":"https:\/\/rollandcomb.com\/fr\/avis-juridique\/","og_site_name":"Roll&Comb","article_modified_time":"2025-11-14T09:56:12+00:00","twitter_card":"summary_large_image","twitter_misc":{"Dur\u00e9e de lecture estim\u00e9e":"1 minute"},"schema":{"@context":"https:\/\/schema.org","@graph":[{"@type":"WebPage","@id":"https:\/\/rollandcomb.com\/fr\/avis-juridique\/","url":"https:\/\/rollandcomb.com\/fr\/avis-juridique\/","name":"Avis juridique - Roll&Comb","isPartOf":{"@id":"https:\/\/rollandcomb.com\/fr\/#website"},"datePublished":"2025-06-06T06:25:20+00:00","dateModified":"2025-11-14T09:56:12+00:00","breadcrumb":{"@id":"https:\/\/rollandcomb.com\/fr\/avis-juridique\/#breadcrumb"},"inLanguage":"fr-FR","potentialAction":[{"@type":"ReadAction","target":["https:\/\/rollandcomb.com\/fr\/avis-juridique\/"]}]},{"@type":"BreadcrumbList","@id":"https:\/\/rollandcomb.com\/fr\/avis-juridique\/#breadcrumb","itemListElement":[{"@type":"ListItem","position":1,"name":"Portada","item":"https:\/\/rollandcomb.com\/fr\/maison\/"},{"@type":"ListItem","position":2,"name":"Avis juridique"}]},{"@type":"WebSite","@id":"https:\/\/rollandcomb.com\/fr\/#website","url":"https:\/\/rollandcomb.com\/fr\/","name":"Roll&Comb","description":"Peinadoras y barredoras para c\u00e9sped artificial. Permita que sus clientes peinen, barran y limpien su c\u00e9sped artificial en una sola pasada.","publisher":{"@id":"https:\/\/rollandcomb.com\/fr\/#organization"},"potentialAction":[{"@type":"SearchAction","target":{"@type":"EntryPoint","urlTemplate":"https:\/\/rollandcomb.com\/fr\/?s={search_term_string}"},"query-input":{"@type":"PropertyValueSpecification","valueRequired":true,"valueName":"search_term_string"}}],"inLanguage":"fr-FR"},{"@type":"Organization","@id":"https:\/\/rollandcomb.com\/fr\/#organization","name":"Roll&Comb","url":"https:\/\/rollandcomb.com\/fr\/","logo":{"@type":"ImageObject","inLanguage":"fr-FR","@id":"https:\/\/rollandcomb.com\/fr\/#\/schema\/logo\/image\/","url":"https:\/\/rollandcomb.com\/wp-content\/uploads\/2025\/02\/logo.webp","contentUrl":"https:\/\/rollandcomb.com\/wp-content\/uploads\/2025\/02\/logo.webp","width":1285,"height":399,"caption":"Roll&Comb"},"image":{"@id":"https:\/\/rollandcomb.com\/fr\/#\/schema\/logo\/image\/"}}]}},"_links":{"self":[{"href":"https:\/\/rollandcomb.com\/fr\/wp-json\/wp\/v2\/pages\/4097","targetHints":{"allow":["GET"]}}],"collection":[{"href":"https:\/\/rollandcomb.com\/fr\/wp-json\/wp\/v2\/pages"}],"about":[{"href":"https:\/\/rollandcomb.com\/fr\/wp-json\/wp\/v2\/types\/page"}],"author":[{"embeddable":true,"href":"https:\/\/rollandcomb.com\/fr\/wp-json\/wp\/v2\/users\/2"}],"replies":[{"embeddable":true,"href":"https:\/\/rollandcomb.com\/fr\/wp-json\/wp\/v2\/comments?post=4097"}],"version-history":[{"count":0,"href":"https:\/\/rollandcomb.com\/fr\/wp-json\/wp\/v2\/pages\/4097\/revisions"}],"wp:attachment":[{"href":"https:\/\/rollandcomb.com\/fr\/wp-json\/wp\/v2\/media?parent=4097"}],"curies":[{"name":"wp","href":"https:\/\/api.w.org\/{rel}","templated":true}]}}