{"id":4089,"date":"2025-06-06T06:25:20","date_gmt":"2025-06-06T06:25:20","guid":{"rendered":"https:\/\/rollandcomb.com\/aviso-legal\/"},"modified":"2025-11-14T09:56:11","modified_gmt":"2025-11-14T09:56:11","slug":"aviso-legal","status":"publish","type":"page","link":"https:\/\/rollandcomb.com\/pt-pt\/aviso-legal\/","title":{"rendered":"Aviso legal"},"content":{"rendered":"\t\t<div data-elementor-type=\"wp-page\" data-elementor-id=\"4089\" class=\"elementor elementor-4089 elementor-2147\" data-elementor-post-type=\"page\">\n\t\t\t\t<div class=\"elementor-element elementor-element-7586ec9 menu-sombra e-flex e-con-boxed e-con e-parent\" data-id=\"7586ec9\" data-element_type=\"container\" data-e-type=\"container\">\n\t\t\t\t\t<div class=\"e-con-inner\">\n\t\t\t\t<div class=\"elementor-element elementor-element-432f6e9 elementor-widget elementor-widget-heading\" data-id=\"432f6e9\" data-element_type=\"widget\" data-e-type=\"widget\" data-widget_type=\"heading.default\">\n\t\t\t\t<div class=\"elementor-widget-container\">\n\t\t\t\t\t<h1 class=\"elementor-heading-title elementor-size-default\">Aviso legal<\/h1>\t\t\t\t<\/div>\n\t\t\t\t<\/div>\n\t\t\t\t<div class=\"elementor-element elementor-element-83ac7c0 elementor-widget elementor-widget-text-editor\" data-id=\"83ac7c0\" data-element_type=\"widget\" data-e-type=\"widget\" data-widget_type=\"text-editor.default\">\n\t\t\t\t<div class=\"elementor-widget-container\">\n\t\t\t\t\t\t\t\t\t<p>A presente informa\u00e7\u00e3o legal regula a utiliza\u00e7\u00e3o do site www.garland.es, propriedade da PRODUCTOS MCLAND, S.L., com o n\u00famero de identifica\u00e7\u00e3o fiscal B84830181 e com endere\u00e7o em c\/ La Fragua, 22, P.I. Los Rosales, 28933 M\u00f3stoles (Madrid); telefone 91-6645048 e endere\u00e7o de correio eletr\u00f3nico info@mcland.es<br>Inscrita no Registo Comercial de Madrid, tomo 23266, f\u00f3lio 1, folha M-417022, 1\u00aa inscri\u00e7\u00e3o.<\/p>\n<p>O acesso e\/ou utiliza\u00e7\u00e3o do site atribui a condi\u00e7\u00e3o de UTILIZADOR, que aceita, a partir do referido acesso e\/ou utiliza\u00e7\u00e3o, as condi\u00e7\u00f5es gerais de utiliza\u00e7\u00e3o aqui reflectidas, que ser\u00e3o aplic\u00e1veis independentemente das condi\u00e7\u00f5es gerais de contrata\u00e7\u00e3o que possam ser aplic\u00e1veis.<\/p><p><br><\/p>\n<h2>PROPRIEDADE INTELECTUAL E INDUSTRIAL<\/h2>\n<p>Os conte\u00fados do s\u00edtio web (incluindo, mas n\u00e3o se limitando a: bases de dados, imagens, desenhos, gr\u00e1ficos, ficheiros de texto, \u00e1udio, v\u00eddeo e software) s\u00e3o propriedade da PRODUCTOS MCLAND S.L. e est\u00e3o protegidos pelas leis nacionais e internacionais de propriedade intelectual e industrial aplic\u00e1veis.<\/p>\n<p>Em virtude das disposi\u00e7\u00f5es dos artigos 8 e 32.1, segundo par\u00e1grafo, da Lei da Propriedade Intelectual, a reprodu\u00e7\u00e3o, distribui\u00e7\u00e3o e comunica\u00e7\u00e3o p\u00fablica, incluindo a coloca\u00e7\u00e3o \u00e0 disposi\u00e7\u00e3o, de todo ou parte do conte\u00fado deste s\u00edtio Web, para fins comerciais, em qualquer suporte e por qualquer meio t\u00e9cnico, s\u00e3o expressamente proibidas sem a autoriza\u00e7\u00e3o da empresa propriet\u00e1ria. O utilizador compromete-se a respeitar os direitos de propriedade intelectual e industrial da empresa. <\/p>\t\t\t\t\t\t\t\t<\/div>\n\t\t\t\t<\/div>\n\t\t\t\t\t<\/div>\n\t\t\t\t<\/div>\n\t\t\t\t<\/div>\n\t\t","protected":false},"excerpt":{"rendered":"<p>Aviso legal A presente informa\u00e7\u00e3o legal regula a utiliza\u00e7\u00e3o do site www.garland.es, propriedade da PRODUCTOS MCLAND, S.L., com o n\u00famero de identifica\u00e7\u00e3o fiscal B84830181 e com endere\u00e7o em c\/ La Fragua, 22, P.I. Los Rosales, 28933 M\u00f3stoles (Madrid); telefone 91-6645048 e endere\u00e7o de correio eletr\u00f3nico info@mcland.esInscrita no Registo Comercial de Madrid, tomo 23266, f\u00f3lio 1, [&hellip;]<\/p>\n","protected":false},"author":2,"featured_media":0,"parent":0,"menu_order":0,"comment_status":"closed","ping_status":"closed","template":"","meta":{"footnotes":""},"class_list":["post-4089","page","type-page","status-publish","hentry"],"yoast_head":"<!-- This site is optimized with the Yoast SEO plugin v27.4 - https:\/\/yoast.com\/product\/yoast-seo-wordpress\/ -->\n<title>Aviso legal - Roll&amp;Comb<\/title>\n<meta name=\"robots\" content=\"noindex, follow\" \/>\n<meta property=\"og:locale\" content=\"pt_PT\" \/>\n<meta property=\"og:type\" content=\"article\" \/>\n<meta property=\"og:title\" content=\"Aviso legal - Roll&amp;Comb\" \/>\n<meta property=\"og:description\" content=\"Aviso legal A presente informa\u00e7\u00e3o legal regula a utiliza\u00e7\u00e3o do site www.garland.es, propriedade da PRODUCTOS MCLAND, S.L., com o n\u00famero de identifica\u00e7\u00e3o fiscal B84830181 e com endere\u00e7o em c\/ La Fragua, 22, P.I. Los Rosales, 28933 M\u00f3stoles (Madrid); telefone 91-6645048 e endere\u00e7o de correio eletr\u00f3nico info@mcland.esInscrita no Registo Comercial de Madrid, tomo 23266, f\u00f3lio 1, [&hellip;]\" \/>\n<meta property=\"og:url\" content=\"https:\/\/rollandcomb.com\/pt-pt\/aviso-legal\/\" \/>\n<meta property=\"og:site_name\" content=\"Roll&amp;Comb\" \/>\n<meta property=\"article:modified_time\" content=\"2025-11-14T09:56:11+00:00\" \/>\n<meta name=\"twitter:card\" content=\"summary_large_image\" \/>\n<meta name=\"twitter:label1\" content=\"Tempo estimado de leitura\" \/>\n\t<meta name=\"twitter:data1\" content=\"1 minuto\" \/>\n<script type=\"application\/ld+json\" class=\"yoast-schema-graph\">{\"@context\":\"https:\\\/\\\/schema.org\",\"@graph\":[{\"@type\":\"WebPage\",\"@id\":\"https:\\\/\\\/rollandcomb.com\\\/pt-pt\\\/aviso-legal\\\/\",\"url\":\"https:\\\/\\\/rollandcomb.com\\\/pt-pt\\\/aviso-legal\\\/\",\"name\":\"Aviso legal - Roll&Comb\",\"isPartOf\":{\"@id\":\"https:\\\/\\\/rollandcomb.com\\\/pt-pt\\\/#website\"},\"datePublished\":\"2025-06-06T06:25:20+00:00\",\"dateModified\":\"2025-11-14T09:56:11+00:00\",\"breadcrumb\":{\"@id\":\"https:\\\/\\\/rollandcomb.com\\\/pt-pt\\\/aviso-legal\\\/#breadcrumb\"},\"inLanguage\":\"pt-PT\",\"potentialAction\":[{\"@type\":\"ReadAction\",\"target\":[\"https:\\\/\\\/rollandcomb.com\\\/pt-pt\\\/aviso-legal\\\/\"]}]},{\"@type\":\"BreadcrumbList\",\"@id\":\"https:\\\/\\\/rollandcomb.com\\\/pt-pt\\\/aviso-legal\\\/#breadcrumb\",\"itemListElement\":[{\"@type\":\"ListItem\",\"position\":1,\"name\":\"Portada\",\"item\":\"https:\\\/\\\/rollandcomb.com\\\/pt-pt\\\/casa\\\/\"},{\"@type\":\"ListItem\",\"position\":2,\"name\":\"Aviso legal\"}]},{\"@type\":\"WebSite\",\"@id\":\"https:\\\/\\\/rollandcomb.com\\\/pt-pt\\\/#website\",\"url\":\"https:\\\/\\\/rollandcomb.com\\\/pt-pt\\\/\",\"name\":\"Roll&Comb\",\"description\":\"Peinadoras y barredoras para c\u00e9sped artificial. Permita que sus clientes peinen, barran y limpien su c\u00e9sped artificial en una sola pasada.\",\"publisher\":{\"@id\":\"https:\\\/\\\/rollandcomb.com\\\/pt-pt\\\/#organization\"},\"potentialAction\":[{\"@type\":\"SearchAction\",\"target\":{\"@type\":\"EntryPoint\",\"urlTemplate\":\"https:\\\/\\\/rollandcomb.com\\\/pt-pt\\\/?s={search_term_string}\"},\"query-input\":{\"@type\":\"PropertyValueSpecification\",\"valueRequired\":true,\"valueName\":\"search_term_string\"}}],\"inLanguage\":\"pt-PT\"},{\"@type\":\"Organization\",\"@id\":\"https:\\\/\\\/rollandcomb.com\\\/pt-pt\\\/#organization\",\"name\":\"Roll&Comb\",\"url\":\"https:\\\/\\\/rollandcomb.com\\\/pt-pt\\\/\",\"logo\":{\"@type\":\"ImageObject\",\"inLanguage\":\"pt-PT\",\"@id\":\"https:\\\/\\\/rollandcomb.com\\\/pt-pt\\\/#\\\/schema\\\/logo\\\/image\\\/\",\"url\":\"https:\\\/\\\/rollandcomb.com\\\/wp-content\\\/uploads\\\/2025\\\/02\\\/logo.webp\",\"contentUrl\":\"https:\\\/\\\/rollandcomb.com\\\/wp-content\\\/uploads\\\/2025\\\/02\\\/logo.webp\",\"width\":1285,\"height\":399,\"caption\":\"Roll&Comb\"},\"image\":{\"@id\":\"https:\\\/\\\/rollandcomb.com\\\/pt-pt\\\/#\\\/schema\\\/logo\\\/image\\\/\"}}]}<\/script>\n<!-- \/ Yoast SEO plugin. -->","yoast_head_json":{"title":"Aviso legal - Roll&Comb","robots":{"index":"noindex","follow":"follow"},"og_locale":"pt_PT","og_type":"article","og_title":"Aviso legal - Roll&Comb","og_description":"Aviso legal A presente informa\u00e7\u00e3o legal regula a utiliza\u00e7\u00e3o do site www.garland.es, propriedade da PRODUCTOS MCLAND, S.L., com o n\u00famero de identifica\u00e7\u00e3o fiscal B84830181 e com endere\u00e7o em c\/ La Fragua, 22, P.I. Los Rosales, 28933 M\u00f3stoles (Madrid); telefone 91-6645048 e endere\u00e7o de correio eletr\u00f3nico info@mcland.esInscrita no Registo Comercial de Madrid, tomo 23266, f\u00f3lio 1, [&hellip;]","og_url":"https:\/\/rollandcomb.com\/pt-pt\/aviso-legal\/","og_site_name":"Roll&Comb","article_modified_time":"2025-11-14T09:56:11+00:00","twitter_card":"summary_large_image","twitter_misc":{"Tempo estimado de leitura":"1 minuto"},"schema":{"@context":"https:\/\/schema.org","@graph":[{"@type":"WebPage","@id":"https:\/\/rollandcomb.com\/pt-pt\/aviso-legal\/","url":"https:\/\/rollandcomb.com\/pt-pt\/aviso-legal\/","name":"Aviso legal - Roll&Comb","isPartOf":{"@id":"https:\/\/rollandcomb.com\/pt-pt\/#website"},"datePublished":"2025-06-06T06:25:20+00:00","dateModified":"2025-11-14T09:56:11+00:00","breadcrumb":{"@id":"https:\/\/rollandcomb.com\/pt-pt\/aviso-legal\/#breadcrumb"},"inLanguage":"pt-PT","potentialAction":[{"@type":"ReadAction","target":["https:\/\/rollandcomb.com\/pt-pt\/aviso-legal\/"]}]},{"@type":"BreadcrumbList","@id":"https:\/\/rollandcomb.com\/pt-pt\/aviso-legal\/#breadcrumb","itemListElement":[{"@type":"ListItem","position":1,"name":"Portada","item":"https:\/\/rollandcomb.com\/pt-pt\/casa\/"},{"@type":"ListItem","position":2,"name":"Aviso legal"}]},{"@type":"WebSite","@id":"https:\/\/rollandcomb.com\/pt-pt\/#website","url":"https:\/\/rollandcomb.com\/pt-pt\/","name":"Roll&Comb","description":"Peinadoras y barredoras para c\u00e9sped artificial. Permita que sus clientes peinen, barran y limpien su c\u00e9sped artificial en una sola pasada.","publisher":{"@id":"https:\/\/rollandcomb.com\/pt-pt\/#organization"},"potentialAction":[{"@type":"SearchAction","target":{"@type":"EntryPoint","urlTemplate":"https:\/\/rollandcomb.com\/pt-pt\/?s={search_term_string}"},"query-input":{"@type":"PropertyValueSpecification","valueRequired":true,"valueName":"search_term_string"}}],"inLanguage":"pt-PT"},{"@type":"Organization","@id":"https:\/\/rollandcomb.com\/pt-pt\/#organization","name":"Roll&Comb","url":"https:\/\/rollandcomb.com\/pt-pt\/","logo":{"@type":"ImageObject","inLanguage":"pt-PT","@id":"https:\/\/rollandcomb.com\/pt-pt\/#\/schema\/logo\/image\/","url":"https:\/\/rollandcomb.com\/wp-content\/uploads\/2025\/02\/logo.webp","contentUrl":"https:\/\/rollandcomb.com\/wp-content\/uploads\/2025\/02\/logo.webp","width":1285,"height":399,"caption":"Roll&Comb"},"image":{"@id":"https:\/\/rollandcomb.com\/pt-pt\/#\/schema\/logo\/image\/"}}]}},"_links":{"self":[{"href":"https:\/\/rollandcomb.com\/pt-pt\/wp-json\/wp\/v2\/pages\/4089","targetHints":{"allow":["GET"]}}],"collection":[{"href":"https:\/\/rollandcomb.com\/pt-pt\/wp-json\/wp\/v2\/pages"}],"about":[{"href":"https:\/\/rollandcomb.com\/pt-pt\/wp-json\/wp\/v2\/types\/page"}],"author":[{"embeddable":true,"href":"https:\/\/rollandcomb.com\/pt-pt\/wp-json\/wp\/v2\/users\/2"}],"replies":[{"embeddable":true,"href":"https:\/\/rollandcomb.com\/pt-pt\/wp-json\/wp\/v2\/comments?post=4089"}],"version-history":[{"count":0,"href":"https:\/\/rollandcomb.com\/pt-pt\/wp-json\/wp\/v2\/pages\/4089\/revisions"}],"wp:attachment":[{"href":"https:\/\/rollandcomb.com\/pt-pt\/wp-json\/wp\/v2\/media?parent=4089"}],"curies":[{"name":"wp","href":"https:\/\/api.w.org\/{rel}","templated":true}]}}