{"id":4102,"date":"2025-06-06T06:36:48","date_gmt":"2025-06-06T06:36:48","guid":{"rendered":"https:\/\/rollandcomb.com\/politica-de-privacidade\/"},"modified":"2025-11-14T09:56:12","modified_gmt":"2025-11-14T09:56:12","slug":"politica-de-privacidade","status":"publish","type":"page","link":"https:\/\/rollandcomb.com\/pt-pt\/politica-de-privacidade\/","title":{"rendered":"Pol\u00edtica de privacidade"},"content":{"rendered":"\t\t<div data-elementor-type=\"wp-page\" data-elementor-id=\"4102\" class=\"elementor elementor-4102 elementor-2166\" data-elementor-post-type=\"page\">\n\t\t\t\t<div class=\"elementor-element elementor-element-7586ec9 menu-sombra e-flex e-con-boxed e-con e-parent\" data-id=\"7586ec9\" data-element_type=\"container\" data-e-type=\"container\">\n\t\t\t\t\t<div class=\"e-con-inner\">\n\t\t\t\t<div class=\"elementor-element elementor-element-432f6e9 elementor-widget elementor-widget-heading\" data-id=\"432f6e9\" data-element_type=\"widget\" data-e-type=\"widget\" data-widget_type=\"heading.default\">\n\t\t\t\t<div class=\"elementor-widget-container\">\n\t\t\t\t\t<h1 class=\"elementor-heading-title elementor-size-default\">Pol\u00edtica de privacidade<\/h1>\t\t\t\t<\/div>\n\t\t\t\t<\/div>\n\t\t\t\t<div class=\"elementor-element elementor-element-83ac7c0 elementor-widget elementor-widget-text-editor\" data-id=\"83ac7c0\" data-element_type=\"widget\" data-e-type=\"widget\" data-widget_type=\"text-editor.default\">\n\t\t\t\t<div class=\"elementor-widget-container\">\n\t\t\t\t\t\t\t\t\t<p>Em conformidade com a Lei Org\u00e2nica 15\/1999, de 13 de dezembro, de Prote\u00e7\u00e3o de Dados de Car\u00e1cter Pessoal (LOPD), os dados fornecidos pelo utilizador ser\u00e3o incorporados num ficheiro automatizado inscrito na Ag\u00eancia Espanhola de Prote\u00e7\u00e3o de Dados, propriedade da PRODUCTOS MCLAND, S.L., cuja \u00fanica finalidade \u00e9 a gest\u00e3o contabil\u00edstica e administrativa dos dados dos clientes da empresa, pelo que o utilizador d\u00e1 o seu consentimento para este tratamento dos seus dados por parte da empresa. Os dados ser\u00e3o recolhidos atrav\u00e9s do formul\u00e1rio correspondente, que apenas conter\u00e1 os campos indispens\u00e1veis para a presta\u00e7\u00e3o do servi\u00e7o solicitado pelo utilizador. <\/p>\n<p>Os dados pessoais ser\u00e3o tratados com o grau de prote\u00e7\u00e3o adequado, em conformidade com o disposto no Real Decreto 994\/1999, de 11 de junho, adoptando as medidas de seguran\u00e7a necess\u00e1rias para evitar a sua altera\u00e7\u00e3o, deteriora\u00e7\u00e3o, perda, acesso e\/ou tratamento n\u00e3o autorizado. A empresa n\u00e3o ceder\u00e1 os dados do utilizador a terceiros sem a autoriza\u00e7\u00e3o do utilizador, com exce\u00e7\u00e3o das transfer\u00eancias determinadas por lei ou que sejam estritamente necess\u00e1rias para a presta\u00e7\u00e3o de servi\u00e7os expressamente solicitados e autorizados pelo utilizador. <\/p>\n<p>Os utilizadores podem exercer os seus direitos de acesso, retifica\u00e7\u00e3o, cancelamento e oposi\u00e7\u00e3o enviando o seu pedido ao propriet\u00e1rio do ficheiro, para o que podem escrever para o endere\u00e7o eletr\u00f3nico info@mcland.es ou para o endere\u00e7o da empresa, por correio.<\/p>\t\t\t\t\t\t\t\t<\/div>\n\t\t\t\t<\/div>\n\t\t\t\t\t<\/div>\n\t\t\t\t<\/div>\n\t\t\t\t<\/div>\n\t\t","protected":false},"excerpt":{"rendered":"<p>Pol\u00edtica de privacidade Em conformidade com a Lei Org\u00e2nica 15\/1999, de 13 de dezembro, de Prote\u00e7\u00e3o de Dados de Car\u00e1cter Pessoal (LOPD), os dados fornecidos pelo utilizador ser\u00e3o incorporados num ficheiro automatizado inscrito na Ag\u00eancia Espanhola de Prote\u00e7\u00e3o de Dados, propriedade da PRODUCTOS MCLAND, S.L., cuja \u00fanica finalidade \u00e9 a gest\u00e3o contabil\u00edstica e administrativa dos [&hellip;]<\/p>\n","protected":false},"author":2,"featured_media":0,"parent":0,"menu_order":0,"comment_status":"closed","ping_status":"closed","template":"","meta":{"footnotes":""},"class_list":["post-4102","page","type-page","status-publish","hentry"],"yoast_head":"<!-- This site is optimized with the Yoast SEO plugin v27.3 - https:\/\/yoast.com\/product\/yoast-seo-wordpress\/ -->\n<title>Pol\u00edtica de privacidade - Roll&amp;Comb<\/title>\n<meta name=\"robots\" content=\"noindex, follow\" \/>\n<meta property=\"og:locale\" content=\"pt_PT\" \/>\n<meta property=\"og:type\" content=\"article\" \/>\n<meta property=\"og:title\" content=\"Pol\u00edtica de privacidade - Roll&amp;Comb\" \/>\n<meta property=\"og:description\" content=\"Pol\u00edtica de privacidade Em conformidade com a Lei Org\u00e2nica 15\/1999, de 13 de dezembro, de Prote\u00e7\u00e3o de Dados de Car\u00e1cter Pessoal (LOPD), os dados fornecidos pelo utilizador ser\u00e3o incorporados num ficheiro automatizado inscrito na Ag\u00eancia Espanhola de Prote\u00e7\u00e3o de Dados, propriedade da PRODUCTOS MCLAND, S.L., cuja \u00fanica finalidade \u00e9 a gest\u00e3o contabil\u00edstica e administrativa dos [&hellip;]\" \/>\n<meta property=\"og:url\" content=\"https:\/\/rollandcomb.com\/pt-pt\/politica-de-privacidade\/\" \/>\n<meta property=\"og:site_name\" content=\"Roll&amp;Comb\" \/>\n<meta property=\"article:modified_time\" content=\"2025-11-14T09:56:12+00:00\" \/>\n<meta name=\"twitter:card\" content=\"summary_large_image\" \/>\n<meta name=\"twitter:label1\" content=\"Tempo estimado de leitura\" \/>\n\t<meta name=\"twitter:data1\" content=\"1 minuto\" \/>\n<script type=\"application\/ld+json\" class=\"yoast-schema-graph\">{\"@context\":\"https:\\\/\\\/schema.org\",\"@graph\":[{\"@type\":\"WebPage\",\"@id\":\"https:\\\/\\\/rollandcomb.com\\\/pt-pt\\\/politica-de-privacidade\\\/\",\"url\":\"https:\\\/\\\/rollandcomb.com\\\/pt-pt\\\/politica-de-privacidade\\\/\",\"name\":\"Pol\u00edtica de privacidade - Roll&Comb\",\"isPartOf\":{\"@id\":\"https:\\\/\\\/rollandcomb.com\\\/pt-pt\\\/#website\"},\"datePublished\":\"2025-06-06T06:36:48+00:00\",\"dateModified\":\"2025-11-14T09:56:12+00:00\",\"breadcrumb\":{\"@id\":\"https:\\\/\\\/rollandcomb.com\\\/pt-pt\\\/politica-de-privacidade\\\/#breadcrumb\"},\"inLanguage\":\"pt-PT\",\"potentialAction\":[{\"@type\":\"ReadAction\",\"target\":[\"https:\\\/\\\/rollandcomb.com\\\/pt-pt\\\/politica-de-privacidade\\\/\"]}]},{\"@type\":\"BreadcrumbList\",\"@id\":\"https:\\\/\\\/rollandcomb.com\\\/pt-pt\\\/politica-de-privacidade\\\/#breadcrumb\",\"itemListElement\":[{\"@type\":\"ListItem\",\"position\":1,\"name\":\"Portada\",\"item\":\"https:\\\/\\\/rollandcomb.com\\\/pt-pt\\\/casa\\\/\"},{\"@type\":\"ListItem\",\"position\":2,\"name\":\"Pol\u00edtica de privacidade\"}]},{\"@type\":\"WebSite\",\"@id\":\"https:\\\/\\\/rollandcomb.com\\\/pt-pt\\\/#website\",\"url\":\"https:\\\/\\\/rollandcomb.com\\\/pt-pt\\\/\",\"name\":\"Roll&Comb\",\"description\":\"Peinadoras y barredoras para c\u00e9sped artificial. Permita que sus clientes peinen, barran y limpien su c\u00e9sped artificial en una sola pasada.\",\"publisher\":{\"@id\":\"https:\\\/\\\/rollandcomb.com\\\/pt-pt\\\/#organization\"},\"potentialAction\":[{\"@type\":\"SearchAction\",\"target\":{\"@type\":\"EntryPoint\",\"urlTemplate\":\"https:\\\/\\\/rollandcomb.com\\\/pt-pt\\\/?s={search_term_string}\"},\"query-input\":{\"@type\":\"PropertyValueSpecification\",\"valueRequired\":true,\"valueName\":\"search_term_string\"}}],\"inLanguage\":\"pt-PT\"},{\"@type\":\"Organization\",\"@id\":\"https:\\\/\\\/rollandcomb.com\\\/pt-pt\\\/#organization\",\"name\":\"Roll&Comb\",\"url\":\"https:\\\/\\\/rollandcomb.com\\\/pt-pt\\\/\",\"logo\":{\"@type\":\"ImageObject\",\"inLanguage\":\"pt-PT\",\"@id\":\"https:\\\/\\\/rollandcomb.com\\\/pt-pt\\\/#\\\/schema\\\/logo\\\/image\\\/\",\"url\":\"https:\\\/\\\/rollandcomb.com\\\/wp-content\\\/uploads\\\/2025\\\/02\\\/logo.webp\",\"contentUrl\":\"https:\\\/\\\/rollandcomb.com\\\/wp-content\\\/uploads\\\/2025\\\/02\\\/logo.webp\",\"width\":1285,\"height\":399,\"caption\":\"Roll&Comb\"},\"image\":{\"@id\":\"https:\\\/\\\/rollandcomb.com\\\/pt-pt\\\/#\\\/schema\\\/logo\\\/image\\\/\"}}]}<\/script>\n<!-- \/ Yoast SEO plugin. -->","yoast_head_json":{"title":"Pol\u00edtica de privacidade - Roll&Comb","robots":{"index":"noindex","follow":"follow"},"og_locale":"pt_PT","og_type":"article","og_title":"Pol\u00edtica de privacidade - Roll&Comb","og_description":"Pol\u00edtica de privacidade Em conformidade com a Lei Org\u00e2nica 15\/1999, de 13 de dezembro, de Prote\u00e7\u00e3o de Dados de Car\u00e1cter Pessoal (LOPD), os dados fornecidos pelo utilizador ser\u00e3o incorporados num ficheiro automatizado inscrito na Ag\u00eancia Espanhola de Prote\u00e7\u00e3o de Dados, propriedade da PRODUCTOS MCLAND, S.L., cuja \u00fanica finalidade \u00e9 a gest\u00e3o contabil\u00edstica e administrativa dos [&hellip;]","og_url":"https:\/\/rollandcomb.com\/pt-pt\/politica-de-privacidade\/","og_site_name":"Roll&Comb","article_modified_time":"2025-11-14T09:56:12+00:00","twitter_card":"summary_large_image","twitter_misc":{"Tempo estimado de leitura":"1 minuto"},"schema":{"@context":"https:\/\/schema.org","@graph":[{"@type":"WebPage","@id":"https:\/\/rollandcomb.com\/pt-pt\/politica-de-privacidade\/","url":"https:\/\/rollandcomb.com\/pt-pt\/politica-de-privacidade\/","name":"Pol\u00edtica de privacidade - Roll&Comb","isPartOf":{"@id":"https:\/\/rollandcomb.com\/pt-pt\/#website"},"datePublished":"2025-06-06T06:36:48+00:00","dateModified":"2025-11-14T09:56:12+00:00","breadcrumb":{"@id":"https:\/\/rollandcomb.com\/pt-pt\/politica-de-privacidade\/#breadcrumb"},"inLanguage":"pt-PT","potentialAction":[{"@type":"ReadAction","target":["https:\/\/rollandcomb.com\/pt-pt\/politica-de-privacidade\/"]}]},{"@type":"BreadcrumbList","@id":"https:\/\/rollandcomb.com\/pt-pt\/politica-de-privacidade\/#breadcrumb","itemListElement":[{"@type":"ListItem","position":1,"name":"Portada","item":"https:\/\/rollandcomb.com\/pt-pt\/casa\/"},{"@type":"ListItem","position":2,"name":"Pol\u00edtica de privacidade"}]},{"@type":"WebSite","@id":"https:\/\/rollandcomb.com\/pt-pt\/#website","url":"https:\/\/rollandcomb.com\/pt-pt\/","name":"Roll&Comb","description":"Peinadoras y barredoras para c\u00e9sped artificial. Permita que sus clientes peinen, barran y limpien su c\u00e9sped artificial en una sola pasada.","publisher":{"@id":"https:\/\/rollandcomb.com\/pt-pt\/#organization"},"potentialAction":[{"@type":"SearchAction","target":{"@type":"EntryPoint","urlTemplate":"https:\/\/rollandcomb.com\/pt-pt\/?s={search_term_string}"},"query-input":{"@type":"PropertyValueSpecification","valueRequired":true,"valueName":"search_term_string"}}],"inLanguage":"pt-PT"},{"@type":"Organization","@id":"https:\/\/rollandcomb.com\/pt-pt\/#organization","name":"Roll&Comb","url":"https:\/\/rollandcomb.com\/pt-pt\/","logo":{"@type":"ImageObject","inLanguage":"pt-PT","@id":"https:\/\/rollandcomb.com\/pt-pt\/#\/schema\/logo\/image\/","url":"https:\/\/rollandcomb.com\/wp-content\/uploads\/2025\/02\/logo.webp","contentUrl":"https:\/\/rollandcomb.com\/wp-content\/uploads\/2025\/02\/logo.webp","width":1285,"height":399,"caption":"Roll&Comb"},"image":{"@id":"https:\/\/rollandcomb.com\/pt-pt\/#\/schema\/logo\/image\/"}}]}},"_links":{"self":[{"href":"https:\/\/rollandcomb.com\/pt-pt\/wp-json\/wp\/v2\/pages\/4102","targetHints":{"allow":["GET"]}}],"collection":[{"href":"https:\/\/rollandcomb.com\/pt-pt\/wp-json\/wp\/v2\/pages"}],"about":[{"href":"https:\/\/rollandcomb.com\/pt-pt\/wp-json\/wp\/v2\/types\/page"}],"author":[{"embeddable":true,"href":"https:\/\/rollandcomb.com\/pt-pt\/wp-json\/wp\/v2\/users\/2"}],"replies":[{"embeddable":true,"href":"https:\/\/rollandcomb.com\/pt-pt\/wp-json\/wp\/v2\/comments?post=4102"}],"version-history":[{"count":0,"href":"https:\/\/rollandcomb.com\/pt-pt\/wp-json\/wp\/v2\/pages\/4102\/revisions"}],"wp:attachment":[{"href":"https:\/\/rollandcomb.com\/pt-pt\/wp-json\/wp\/v2\/media?parent=4102"}],"curies":[{"name":"wp","href":"https:\/\/api.w.org\/{rel}","templated":true}]}}